{"id":1553,"date":"2018-12-11T13:00:54","date_gmt":"2018-12-11T11:00:54","guid":{"rendered":"http:\/\/ingmanconsulting.fi\/registerbeskrivning\/"},"modified":"2018-12-11T14:14:50","modified_gmt":"2018-12-11T12:14:50","slug":"rekisteriseloste","status":"publish","type":"page","link":"https:\/\/ingmanconsulting.fi\/fi\/rekisteriseloste\/","title":{"rendered":"Rekisteriseloste"},"content":{"rendered":"<p>Henkil\u00f6tietolain (523\/99) 10 \u00a7:n mukainen rekisteriseloste<\/p>\n<h3><strong>Rekisterin pit\u00e4j\u00e4<\/strong><\/h3>\n<p>Martin Ingman<br \/>\nIngman Consulting Oy<br \/>\nMaasillantie 13<br \/>\n10300 Karjaa<\/p>\n<h3><strong>Rekisterin nimi<\/strong><\/h3>\n<p>Palvelurekisteri<\/p>\n<h3><strong>Henkil\u00f6tietojen k\u00e4sittelyn tarkoitus\u00a0(rekisterin k\u00e4ytt\u00f6tarkoitus)<\/strong><\/h3>\n<p>Rekisteriin talletetaan internet-lomakkeella tai asiakaspalvelussamme ilmoittamasi tiedot. Tietoja voidaan k\u00e4ytt\u00e4\u00e4 asiakassuhteen hoitamiseen, internet-lomakkeelta tulleiden viestien k\u00e4sittelyyn, niihin vastaamisen ja pyynt\u00f6jen k\u00e4sittelyyn. Tilauksen tehneille l\u00e4hetet\u00e4\u00e4n asiakastyytyv\u00e4isyyskysely. Tietoja voidaan mahdollisesti k\u00e4ytt\u00e4\u00e4 my\u00f6s kehitt\u00e4miseen, analysoimiseen, tilastojen tekoon sek\u00e4 palveluiden tuottamiseen, niiden tarjoamiseen ja kehitt\u00e4miseen sek\u00e4 myyntiin ja markkinointiin. Asiakkaalla on oikeus kielt\u00e4\u00e4 tietojen k\u00e4ytt\u00e4minen suoramarkkinointiin ilmoittamalla siit\u00e4 kirjallisesti.<\/p>\n<h3><strong>Rekisterin sis\u00e4lt\u00e4m\u00e4t tiedot<\/strong><\/h3>\n<p>Rekisteriin talletetaan ainoastaan internet-lomakkeella tai asiakaspalvelussamme ilmoittamasi tiedot.<\/p>\n<h3><strong>S\u00e4\u00e4nn\u00f6nmukaiset tietojen luovutukset<\/strong><\/h3>\n<p>Emme luovuta henkil\u00f6tietoja kolmansille osapuolille.<\/p>\n<h3><strong>Rekisterin suojaus<\/strong><\/h3>\n<p>Rekisterinpit\u00e4j\u00e4n tietoj\u00e4rjestelm\u00e4 ja tiedostot on suojattu yritystoiminnassa normaalisti k\u00e4yt\u00f6ss\u00e4 olevilla teknisill\u00e4 suojausmenetelmill\u00e4. Rekisterin k\u00e4ytt\u00f6oikeus edellytt\u00e4\u00e4 henkil\u00f6kohtaista k\u00e4ytt\u00e4j\u00e4tunnusta ja salasanaa, jotka my\u00f6nnet\u00e4\u00e4n vain rekisterinpit\u00e4j\u00e4n henkil\u00f6kuntaan kuuluvalle, jonka asemaan ja teht\u00e4viin mainittu k\u00e4ytt\u00f6oikeus liittyy.<\/p>\n<h3><strong>Tarkastusoikeus<\/strong><\/h3>\n<p>Rekister\u00f6idyll\u00e4 on henkil\u00f6tietolain 26 \u00a7:n mukaisesti oikeus tarkastaa, mit\u00e4 h\u00e4nt\u00e4 koskevia tietoja henkil\u00f6rekisteriin on talletettu sek\u00e4 henkil\u00f6tietolain 29 \u00a7:n mukaisesti vaatia h\u00e4nt\u00e4 koskevien virheellisten tietojen korjaamista. Tarkastus- tai korjauspyynt\u00f6 tulee l\u00e4hett\u00e4\u00e4 kirjallisesti ja allekirjoitettuna osoitteella:<\/p>\n<p>Ingman Consulting Oy<br \/>\nMaasillantie 13<br \/>\n10300 Karjaa<\/p>\n<p>&nbsp;<\/p>\n","protected":false},"excerpt":{"rendered":"<p>Henkil\u00f6tietolain (523\/99) 10 \u00a7:n mukainen rekisteriseloste Rekisterin pit\u00e4j\u00e4 Martin Ingman Ingman Consulting Oy Maasillantie 13 10300 Karjaa Rekisterin nimi Palvelurekisteri Henkil\u00f6tietojen k\u00e4sittelyn tarkoitus\u00a0(rekisterin k\u00e4ytt\u00f6tarkoitus) Rekisteriin talletetaan internet-lomakkeella tai asiakaspalvelussamme ilmoittamasi tiedot. Tietoja voidaan k\u00e4ytt\u00e4\u00e4 asiakassuhteen hoitamiseen, internet-lomakkeelta tulleiden viestien k\u00e4sittelyyn, niihin vastaamisen ja pyynt\u00f6jen k\u00e4sittelyyn. Tilauksen tehneille l\u00e4hetet\u00e4\u00e4n asiakastyytyv\u00e4isyyskysely. Tietoja voidaan mahdollisesti k\u00e4ytt\u00e4\u00e4 my\u00f6s kehitt\u00e4miseen, [&hellip;]<\/p>\n","protected":false},"author":3,"featured_media":0,"parent":0,"menu_order":0,"comment_status":"closed","ping_status":"closed","template":"","meta":{"footnotes":""},"class_list":["post-1553","page","type-page","status-publish","hentry","classic-edited"],"yoast_head":"<!-- This site is optimized with the Yoast SEO plugin v27.2 - https:\/\/yoast.com\/product\/yoast-seo-wordpress\/ -->\n<title>Rekisteriseloste - Ingman Consulting<\/title>\n<meta name=\"robots\" content=\"index, follow, max-snippet:-1, max-image-preview:large, max-video-preview:-1\" \/>\n<link rel=\"canonical\" href=\"https:\/\/ingmanconsulting.fi\/fi\/rekisteriseloste\/\" \/>\n<meta property=\"og:locale\" content=\"fi_FI\" \/>\n<meta property=\"og:type\" content=\"article\" \/>\n<meta property=\"og:title\" content=\"Rekisteriseloste - Ingman Consulting\" \/>\n<meta property=\"og:description\" content=\"Henkil\u00f6tietolain (523\/99) 10 \u00a7:n mukainen rekisteriseloste Rekisterin pit\u00e4j\u00e4 Martin Ingman Ingman Consulting Oy Maasillantie 13 10300 Karjaa Rekisterin nimi Palvelurekisteri Henkil\u00f6tietojen k\u00e4sittelyn tarkoitus\u00a0(rekisterin k\u00e4ytt\u00f6tarkoitus) Rekisteriin talletetaan internet-lomakkeella tai asiakaspalvelussamme ilmoittamasi tiedot. Tietoja voidaan k\u00e4ytt\u00e4\u00e4 asiakassuhteen hoitamiseen, internet-lomakkeelta tulleiden viestien k\u00e4sittelyyn, niihin vastaamisen ja pyynt\u00f6jen k\u00e4sittelyyn. Tilauksen tehneille l\u00e4hetet\u00e4\u00e4n asiakastyytyv\u00e4isyyskysely. Tietoja voidaan mahdollisesti k\u00e4ytt\u00e4\u00e4 my\u00f6s kehitt\u00e4miseen, [&hellip;]\" \/>\n<meta property=\"og:url\" content=\"https:\/\/ingmanconsulting.fi\/fi\/rekisteriseloste\/\" \/>\n<meta property=\"og:site_name\" content=\"Ingman Consulting\" \/>\n<meta property=\"article:modified_time\" content=\"2018-12-11T12:14:50+00:00\" \/>\n<meta name=\"twitter:card\" content=\"summary_large_image\" \/>\n<meta name=\"twitter:label1\" content=\"Arvioitu lukuaika\" \/>\n\t<meta name=\"twitter:data1\" content=\"1 minuutti\" \/>\n<script type=\"application\/ld+json\" class=\"yoast-schema-graph\">{\"@context\":\"https:\/\/schema.org\",\"@graph\":[{\"@type\":\"WebPage\",\"@id\":\"https:\/\/ingmanconsulting.fi\/fi\/rekisteriseloste\/\",\"url\":\"https:\/\/ingmanconsulting.fi\/fi\/rekisteriseloste\/\",\"name\":\"Rekisteriseloste - Ingman Consulting\",\"isPartOf\":{\"@id\":\"https:\/\/ingmanconsulting.fi\/#website\"},\"datePublished\":\"2018-12-11T11:00:54+00:00\",\"dateModified\":\"2018-12-11T12:14:50+00:00\",\"breadcrumb\":{\"@id\":\"https:\/\/ingmanconsulting.fi\/fi\/rekisteriseloste\/#breadcrumb\"},\"inLanguage\":\"fi\",\"potentialAction\":[{\"@type\":\"ReadAction\",\"target\":[\"https:\/\/ingmanconsulting.fi\/fi\/rekisteriseloste\/\"]}]},{\"@type\":\"BreadcrumbList\",\"@id\":\"https:\/\/ingmanconsulting.fi\/fi\/rekisteriseloste\/#breadcrumb\",\"itemListElement\":[{\"@type\":\"ListItem\",\"position\":1,\"name\":\"Etusivu\",\"item\":\"https:\/\/ingmanconsulting.fi\/fi\/\"},{\"@type\":\"ListItem\",\"position\":2,\"name\":\"Rekisteriseloste\"}]},{\"@type\":\"WebSite\",\"@id\":\"https:\/\/ingmanconsulting.fi\/#website\",\"url\":\"https:\/\/ingmanconsulting.fi\/\",\"name\":\"Ingman Consulting\",\"description\":\"\",\"potentialAction\":[{\"@type\":\"SearchAction\",\"target\":{\"@type\":\"EntryPoint\",\"urlTemplate\":\"https:\/\/ingmanconsulting.fi\/?s={search_term_string}\"},\"query-input\":{\"@type\":\"PropertyValueSpecification\",\"valueRequired\":true,\"valueName\":\"search_term_string\"}}],\"inLanguage\":\"fi\"}]}<\/script>\n<!-- \/ Yoast SEO plugin. -->","yoast_head_json":{"title":"Rekisteriseloste - Ingman Consulting","robots":{"index":"index","follow":"follow","max-snippet":"max-snippet:-1","max-image-preview":"max-image-preview:large","max-video-preview":"max-video-preview:-1"},"canonical":"https:\/\/ingmanconsulting.fi\/fi\/rekisteriseloste\/","og_locale":"fi_FI","og_type":"article","og_title":"Rekisteriseloste - Ingman Consulting","og_description":"Henkil\u00f6tietolain (523\/99) 10 \u00a7:n mukainen rekisteriseloste Rekisterin pit\u00e4j\u00e4 Martin Ingman Ingman Consulting Oy Maasillantie 13 10300 Karjaa Rekisterin nimi Palvelurekisteri Henkil\u00f6tietojen k\u00e4sittelyn tarkoitus\u00a0(rekisterin k\u00e4ytt\u00f6tarkoitus) Rekisteriin talletetaan internet-lomakkeella tai asiakaspalvelussamme ilmoittamasi tiedot. Tietoja voidaan k\u00e4ytt\u00e4\u00e4 asiakassuhteen hoitamiseen, internet-lomakkeelta tulleiden viestien k\u00e4sittelyyn, niihin vastaamisen ja pyynt\u00f6jen k\u00e4sittelyyn. Tilauksen tehneille l\u00e4hetet\u00e4\u00e4n asiakastyytyv\u00e4isyyskysely. Tietoja voidaan mahdollisesti k\u00e4ytt\u00e4\u00e4 my\u00f6s kehitt\u00e4miseen, [&hellip;]","og_url":"https:\/\/ingmanconsulting.fi\/fi\/rekisteriseloste\/","og_site_name":"Ingman Consulting","article_modified_time":"2018-12-11T12:14:50+00:00","twitter_card":"summary_large_image","twitter_misc":{"Arvioitu lukuaika":"1 minuutti"},"schema":{"@context":"https:\/\/schema.org","@graph":[{"@type":"WebPage","@id":"https:\/\/ingmanconsulting.fi\/fi\/rekisteriseloste\/","url":"https:\/\/ingmanconsulting.fi\/fi\/rekisteriseloste\/","name":"Rekisteriseloste - Ingman Consulting","isPartOf":{"@id":"https:\/\/ingmanconsulting.fi\/#website"},"datePublished":"2018-12-11T11:00:54+00:00","dateModified":"2018-12-11T12:14:50+00:00","breadcrumb":{"@id":"https:\/\/ingmanconsulting.fi\/fi\/rekisteriseloste\/#breadcrumb"},"inLanguage":"fi","potentialAction":[{"@type":"ReadAction","target":["https:\/\/ingmanconsulting.fi\/fi\/rekisteriseloste\/"]}]},{"@type":"BreadcrumbList","@id":"https:\/\/ingmanconsulting.fi\/fi\/rekisteriseloste\/#breadcrumb","itemListElement":[{"@type":"ListItem","position":1,"name":"Etusivu","item":"https:\/\/ingmanconsulting.fi\/fi\/"},{"@type":"ListItem","position":2,"name":"Rekisteriseloste"}]},{"@type":"WebSite","@id":"https:\/\/ingmanconsulting.fi\/#website","url":"https:\/\/ingmanconsulting.fi\/","name":"Ingman Consulting","description":"","potentialAction":[{"@type":"SearchAction","target":{"@type":"EntryPoint","urlTemplate":"https:\/\/ingmanconsulting.fi\/?s={search_term_string}"},"query-input":{"@type":"PropertyValueSpecification","valueRequired":true,"valueName":"search_term_string"}}],"inLanguage":"fi"}]}},"_links":{"self":[{"href":"https:\/\/ingmanconsulting.fi\/fi\/wp-json\/wp\/v2\/pages\/1553","targetHints":{"allow":["GET"]}}],"collection":[{"href":"https:\/\/ingmanconsulting.fi\/fi\/wp-json\/wp\/v2\/pages"}],"about":[{"href":"https:\/\/ingmanconsulting.fi\/fi\/wp-json\/wp\/v2\/types\/page"}],"author":[{"embeddable":true,"href":"https:\/\/ingmanconsulting.fi\/fi\/wp-json\/wp\/v2\/users\/3"}],"replies":[{"embeddable":true,"href":"https:\/\/ingmanconsulting.fi\/fi\/wp-json\/wp\/v2\/comments?post=1553"}],"version-history":[{"count":9,"href":"https:\/\/ingmanconsulting.fi\/fi\/wp-json\/wp\/v2\/pages\/1553\/revisions"}],"predecessor-version":[{"id":1578,"href":"https:\/\/ingmanconsulting.fi\/fi\/wp-json\/wp\/v2\/pages\/1553\/revisions\/1578"}],"wp:attachment":[{"href":"https:\/\/ingmanconsulting.fi\/fi\/wp-json\/wp\/v2\/media?parent=1553"}],"curies":[{"name":"wp","href":"https:\/\/api.w.org\/{rel}","templated":true}]}}