{"id":1508,"date":"2018-11-28T14:17:20","date_gmt":"2018-11-28T12:17:20","guid":{"rendered":"http:\/\/ingmanconsulting.fi\/?page_id=1508"},"modified":"2019-01-23T11:47:38","modified_gmt":"2019-01-23T09:47:38","slug":"1508-2-2","status":"publish","type":"page","link":"https:\/\/ingmanconsulting.fi\/fi\/","title":{"rendered":"Etusivu"},"content":{"rendered":"<h1 style=\"text-align: center;\"><span style=\"color: #007f9c;\">Ingman Consulting<\/span><\/h1>\n<p style=\"text-align: center;\">Koskien erilaisia j\u00e4rjestelm\u00e4\u00adratkaisuja ja mit\u00e4 niill\u00e4 saa aikaan, l\u00f6ytyy monta kysymyst\u00e4 ja ajatusta. Ratkaisujen ja mahdollisuuksien m\u00e4\u00e4r\u00e4 voi jopa tuntua ylivoimaiselta. T\u00e4ss\u00e4 Ingman Consulting tulee avuksenne. Meill\u00e4 on yli 30 vuoden kokemus IT-konsultoinnista, projektien johtamisesta, analysoinnista, suunnittelusta sek\u00e4 ohjelmoinnista eri toimialoilla, (esim. teknologia-, rahoitus-, vakuutus-, ja tuotantoteollisuus), sek\u00e4 kiinteist\u00f6\u00adautomaatiosta. Tarttukaamme haasteisiin yhdess\u00e4. Yhteisvoimin l\u00f6yd\u00e4mme ja toteutamme oikeat ratkaisut.<\/p>\n","protected":false},"excerpt":{"rendered":"<p>Ingman Consulting Koskien erilaisia j\u00e4rjestelm\u00e4\u00adratkaisuja ja mit\u00e4 niill\u00e4 saa aikaan, l\u00f6ytyy monta kysymyst\u00e4 ja ajatusta. Ratkaisujen ja mahdollisuuksien m\u00e4\u00e4r\u00e4 voi jopa tuntua ylivoimaiselta. T\u00e4ss\u00e4 Ingman Consulting tulee avuksenne. Meill\u00e4 on yli 30 vuoden kokemus IT-konsultoinnista, projektien johtamisesta, analysoinnista, suunnittelusta sek\u00e4 ohjelmoinnista eri toimialoilla, (esim. teknologia-, rahoitus-, vakuutus-, ja tuotantoteollisuus), sek\u00e4 kiinteist\u00f6\u00adautomaatiosta. Tarttukaamme haasteisiin yhdess\u00e4. Yhteisvoimin [&hellip;]<\/p>\n","protected":false},"author":3,"featured_media":0,"parent":0,"menu_order":0,"comment_status":"closed","ping_status":"closed","template":"template_builder.php","meta":{"footnotes":""},"class_list":["post-1508","page","type-page","status-publish","hentry","classic-edited"],"yoast_head":"<!-- This site is optimized with the Yoast SEO plugin v27.2 - https:\/\/yoast.com\/product\/yoast-seo-wordpress\/ -->\n<title>Ingman Consulting - IT-konsultointia ja ohjelmointia<\/title>\n<meta name=\"description\" content=\"Asiakasl\u00e4ht\u00f6iset ja konkreettiset ratkaisut kun tarvitset IT-konsultointia, projektinhallintaa tai ohjelmointia. Anna meid\u00e4n auttaa projektissasi.\" \/>\n<meta name=\"robots\" content=\"index, follow, max-snippet:-1, max-image-preview:large, max-video-preview:-1\" \/>\n<link rel=\"canonical\" href=\"https:\/\/ingmanconsulting.fi\/fi\/\" \/>\n<meta property=\"og:locale\" content=\"fi_FI\" \/>\n<meta property=\"og:type\" content=\"article\" \/>\n<meta property=\"og:title\" content=\"Ingman Consulting\" \/>\n<meta property=\"og:description\" content=\"Asiakasl\u00e4ht\u00f6iset ja konkreettiset ratkaisut kun tarvitset IT-konsultointia, projektinhallintaa tai ohjelmointia. Anna meid\u00e4n auttaa projektissasi.\" \/>\n<meta property=\"og:url\" content=\"https:\/\/ingmanconsulting.fi\/fi\/\" \/>\n<meta property=\"og:site_name\" content=\"Ingman Consulting\" \/>\n<meta property=\"article:modified_time\" content=\"2019-01-23T09:47:38+00:00\" \/>\n<meta property=\"og:image\" content=\"https:\/\/ingmanconsulting.fi\/wp-content\/uploads\/2018\/12\/ingmanconsulting_some.jpg\" \/>\n\t<meta property=\"og:image:width\" content=\"1200\" \/>\n\t<meta property=\"og:image:height\" content=\"628\" \/>\n\t<meta property=\"og:image:type\" content=\"image\/jpeg\" \/>\n<meta name=\"twitter:card\" content=\"summary_large_image\" \/>\n<script type=\"application\/ld+json\" class=\"yoast-schema-graph\">{\"@context\":\"https:\/\/schema.org\",\"@graph\":[{\"@type\":\"WebPage\",\"@id\":\"https:\/\/ingmanconsulting.fi\/fi\/\",\"url\":\"https:\/\/ingmanconsulting.fi\/fi\/\",\"name\":\"Ingman Consulting - IT-konsultointia ja ohjelmointia\",\"isPartOf\":{\"@id\":\"https:\/\/ingmanconsulting.fi\/#website\"},\"datePublished\":\"2018-11-28T12:17:20+00:00\",\"dateModified\":\"2019-01-23T09:47:38+00:00\",\"description\":\"Asiakasl\u00e4ht\u00f6iset ja konkreettiset ratkaisut kun tarvitset IT-konsultointia, projektinhallintaa tai ohjelmointia. Anna meid\u00e4n auttaa projektissasi.\",\"breadcrumb\":{\"@id\":\"https:\/\/ingmanconsulting.fi\/fi\/#breadcrumb\"},\"inLanguage\":\"fi\",\"potentialAction\":[{\"@type\":\"ReadAction\",\"target\":[\"https:\/\/ingmanconsulting.fi\/fi\/\"]}]},{\"@type\":\"BreadcrumbList\",\"@id\":\"https:\/\/ingmanconsulting.fi\/fi\/#breadcrumb\",\"itemListElement\":[{\"@type\":\"ListItem\",\"position\":1,\"name\":\"Etusivu\",\"item\":\"https:\/\/ingmanconsulting.fi\/fi\/\"},{\"@type\":\"ListItem\",\"position\":2,\"name\":\"Etusivu\"}]},{\"@type\":\"WebSite\",\"@id\":\"https:\/\/ingmanconsulting.fi\/#website\",\"url\":\"https:\/\/ingmanconsulting.fi\/\",\"name\":\"Ingman Consulting\",\"description\":\"\",\"potentialAction\":[{\"@type\":\"SearchAction\",\"target\":{\"@type\":\"EntryPoint\",\"urlTemplate\":\"https:\/\/ingmanconsulting.fi\/?s={search_term_string}\"},\"query-input\":{\"@type\":\"PropertyValueSpecification\",\"valueRequired\":true,\"valueName\":\"search_term_string\"}}],\"inLanguage\":\"fi\"}]}<\/script>\n<!-- \/ Yoast SEO plugin. -->","yoast_head_json":{"title":"Ingman Consulting - IT-konsultointia ja ohjelmointia","description":"Asiakasl\u00e4ht\u00f6iset ja konkreettiset ratkaisut kun tarvitset IT-konsultointia, projektinhallintaa tai ohjelmointia. Anna meid\u00e4n auttaa projektissasi.","robots":{"index":"index","follow":"follow","max-snippet":"max-snippet:-1","max-image-preview":"max-image-preview:large","max-video-preview":"max-video-preview:-1"},"canonical":"https:\/\/ingmanconsulting.fi\/fi\/","og_locale":"fi_FI","og_type":"article","og_title":"Ingman Consulting","og_description":"Asiakasl\u00e4ht\u00f6iset ja konkreettiset ratkaisut kun tarvitset IT-konsultointia, projektinhallintaa tai ohjelmointia. Anna meid\u00e4n auttaa projektissasi.","og_url":"https:\/\/ingmanconsulting.fi\/fi\/","og_site_name":"Ingman Consulting","article_modified_time":"2019-01-23T09:47:38+00:00","og_image":[{"width":1200,"height":628,"url":"https:\/\/ingmanconsulting.fi\/wp-content\/uploads\/2018\/12\/ingmanconsulting_some.jpg","type":"image\/jpeg"}],"twitter_card":"summary_large_image","schema":{"@context":"https:\/\/schema.org","@graph":[{"@type":"WebPage","@id":"https:\/\/ingmanconsulting.fi\/fi\/","url":"https:\/\/ingmanconsulting.fi\/fi\/","name":"Ingman Consulting - IT-konsultointia ja ohjelmointia","isPartOf":{"@id":"https:\/\/ingmanconsulting.fi\/#website"},"datePublished":"2018-11-28T12:17:20+00:00","dateModified":"2019-01-23T09:47:38+00:00","description":"Asiakasl\u00e4ht\u00f6iset ja konkreettiset ratkaisut kun tarvitset IT-konsultointia, projektinhallintaa tai ohjelmointia. Anna meid\u00e4n auttaa projektissasi.","breadcrumb":{"@id":"https:\/\/ingmanconsulting.fi\/fi\/#breadcrumb"},"inLanguage":"fi","potentialAction":[{"@type":"ReadAction","target":["https:\/\/ingmanconsulting.fi\/fi\/"]}]},{"@type":"BreadcrumbList","@id":"https:\/\/ingmanconsulting.fi\/fi\/#breadcrumb","itemListElement":[{"@type":"ListItem","position":1,"name":"Etusivu","item":"https:\/\/ingmanconsulting.fi\/fi\/"},{"@type":"ListItem","position":2,"name":"Etusivu"}]},{"@type":"WebSite","@id":"https:\/\/ingmanconsulting.fi\/#website","url":"https:\/\/ingmanconsulting.fi\/","name":"Ingman Consulting","description":"","potentialAction":[{"@type":"SearchAction","target":{"@type":"EntryPoint","urlTemplate":"https:\/\/ingmanconsulting.fi\/?s={search_term_string}"},"query-input":{"@type":"PropertyValueSpecification","valueRequired":true,"valueName":"search_term_string"}}],"inLanguage":"fi"}]}},"_links":{"self":[{"href":"https:\/\/ingmanconsulting.fi\/fi\/wp-json\/wp\/v2\/pages\/1508","targetHints":{"allow":["GET"]}}],"collection":[{"href":"https:\/\/ingmanconsulting.fi\/fi\/wp-json\/wp\/v2\/pages"}],"about":[{"href":"https:\/\/ingmanconsulting.fi\/fi\/wp-json\/wp\/v2\/types\/page"}],"author":[{"embeddable":true,"href":"https:\/\/ingmanconsulting.fi\/fi\/wp-json\/wp\/v2\/users\/3"}],"replies":[{"embeddable":true,"href":"https:\/\/ingmanconsulting.fi\/fi\/wp-json\/wp\/v2\/comments?post=1508"}],"version-history":[{"count":7,"href":"https:\/\/ingmanconsulting.fi\/fi\/wp-json\/wp\/v2\/pages\/1508\/revisions"}],"predecessor-version":[{"id":1512,"href":"https:\/\/ingmanconsulting.fi\/fi\/wp-json\/wp\/v2\/pages\/1508\/revisions\/1512"}],"wp:attachment":[{"href":"https:\/\/ingmanconsulting.fi\/fi\/wp-json\/wp\/v2\/media?parent=1508"}],"curies":[{"name":"wp","href":"https:\/\/api.w.org\/{rel}","templated":true}]}}