{"id":1172,"date":"2018-09-28T14:18:22","date_gmt":"2018-09-28T11:18:22","guid":{"rendered":"http:\/\/127.0.0.1\/ekenascentrum\/dataskyddsbeskrivning\/"},"modified":"2018-12-11T14:10:31","modified_gmt":"2018-12-11T12:10:31","slug":"tietosuojaseloste","status":"publish","type":"page","link":"https:\/\/ingmanconsulting.fi\/fi\/tietosuojaseloste\/","title":{"rendered":"Tietosuojaseloste"},"content":{"rendered":"<h3>Mik\u00e4 on ev\u00e4ste?<\/h3>\n<p>Ev\u00e4ste on pieni, k\u00e4ytt\u00e4j\u00e4n tietokoneelle l\u00e4hetett\u00e4v\u00e4 ja siell\u00e4 s\u00e4ilytett\u00e4v\u00e4 tekstitiedosto, joka mahdollistaa verkkosivujen yll\u00e4pit\u00e4j\u00e4n tunnistamaan usein sivuilla vierailevat k\u00e4vij\u00e4t, helpottamaan k\u00e4vij\u00f6iden kirjautumista sivuille sek\u00e4 mahdollistamaan yhdistelm\u00e4tiedon laatimisen k\u00e4vij\u00f6ist\u00e4. T\u00e4m\u00e4n palautteen avulla pystymme jatkuvasti parantamaan sivujemme sis\u00e4lt\u00f6\u00e4. Ev\u00e4steet eiv\u00e4t vahingoita k\u00e4ytt\u00e4jien tietokoneita tai tiedostoja. K\u00e4yt\u00e4mme ev\u00e4steit\u00e4 siten, ett\u00e4 voimme tarjota asiakkaillemme kunkin yksil\u00f6ityjen tarpeiden mukaisia tietoja ja palveluita.<\/p>\n<h3>V\u00e4ltt\u00e4m\u00e4tt\u00f6m\u00e4t ev\u00e4steet verkkosivuillamme<\/h3>\n<p>Jotkin ev\u00e4steet ovat sivustomme teknisen toiminnan ja k\u00e4yt\u00f6n vuoksi v\u00e4ltt\u00e4m\u00e4tt\u00f6mi\u00e4. N\u00e4m\u00e4 ev\u00e4steet eiv\u00e4t ker\u00e4\u00e4 k\u00e4ytt\u00e4j\u00e4st\u00e4 tietoa, jota voitaisiin hy\u00f6dynt\u00e4\u00e4 markkinoinnissa tai muistamaan k\u00e4ytt\u00e4j\u00e4n valitsemia sivustoja.<\/p>\n<h3>Suorituskyky\u00e4 mittaavat ev\u00e4steet<\/h3>\n<p>Suorituskyky\u00e4 mittaavat ev\u00e4steemme ker\u00e4\u00e4v\u00e4t tietoa siit\u00e4, miten k\u00e4ytt\u00e4j\u00e4t k\u00e4ytt\u00e4v\u00e4t verkkosivujamme (esim. eniten k\u00e4ytetyt sivut, mahdolliset virheviestit). N\u00e4m\u00e4 ev\u00e4steet eiv\u00e4t ker\u00e4\u00e4 k\u00e4ytt\u00e4jist\u00e4 tunnistettavia tietoja, vaan ne ovat anonyymej\u00e4 ja niit\u00e4 k\u00e4ytet\u00e4\u00e4n ainoastaan parantamaan nettisivujen toimivuutta.<\/p>\n<h3>Toiminnalliset ev\u00e4steet<\/h3>\n<p>Toiminnallisten ev\u00e4steiden avulla verkkosivumme muistavat valintasi (kuten k\u00e4ytt\u00e4j\u00e4nimi, kieli tai alue) sek\u00e4 tarjoavat parempia ja yksil\u00f6llisempi\u00e4 ominaisuuksia.<\/p>\n<h3>Miten ev\u00e4steit\u00e4 hallitaan ja miten ne voi poistaa?<\/h3>\n<p>Suurin osa verkkoselaimista hyv\u00e4ksyy ev\u00e4steet. Voit itse muuttaa selaimen asetuksia ja est\u00e4\u00e4 uusien ev\u00e4steiden tallennuksen, poistaa olemassa olevat ev\u00e4steet k\u00e4yt\u00f6st\u00e4 tai pyyt\u00e4\u00e4 ilmoitusta ennen uusien ev\u00e4steiden tallentamista.<\/p>\n<p>Jos haluat selaimesi est\u00e4v\u00e4n ev\u00e4steiden k\u00e4yt\u00f6n, m\u00e4\u00e4rit\u00e4 asetukset selaimesi valmistajan ohjeiden mukaisesti.<\/p>\n<p>Jos est\u00e4t ev\u00e4steiden tallennuksen tai poistat ne k\u00e4yt\u00f6st\u00e4, jotkin verkkosivujemme toiminnoista eiv\u00e4t v\u00e4ltt\u00e4m\u00e4tt\u00e4 toimi. Ev\u00e4steen tai ev\u00e4steluokan k\u00e4yt\u00f6st\u00e4 poistaminen ei viel\u00e4 poista ev\u00e4stett\u00e4 selaimestasi, vaan sinun on teht\u00e4v\u00e4 se itse selaimesi kautta.<\/p>\n<p>&nbsp;<\/p>\n<p>&nbsp;<\/p>\n","protected":false},"excerpt":{"rendered":"<p>Mik\u00e4 on ev\u00e4ste? Ev\u00e4ste on pieni, k\u00e4ytt\u00e4j\u00e4n tietokoneelle l\u00e4hetett\u00e4v\u00e4 ja siell\u00e4 s\u00e4ilytett\u00e4v\u00e4 tekstitiedosto, joka mahdollistaa verkkosivujen yll\u00e4pit\u00e4j\u00e4n tunnistamaan usein sivuilla vierailevat k\u00e4vij\u00e4t, helpottamaan k\u00e4vij\u00f6iden kirjautumista sivuille sek\u00e4 mahdollistamaan yhdistelm\u00e4tiedon laatimisen k\u00e4vij\u00f6ist\u00e4. T\u00e4m\u00e4n palautteen avulla pystymme jatkuvasti parantamaan sivujemme sis\u00e4lt\u00f6\u00e4. Ev\u00e4steet eiv\u00e4t vahingoita k\u00e4ytt\u00e4jien tietokoneita tai tiedostoja. K\u00e4yt\u00e4mme ev\u00e4steit\u00e4 siten, ett\u00e4 voimme tarjota asiakkaillemme kunkin yksil\u00f6ityjen [&hellip;]<\/p>\n","protected":false},"author":3,"featured_media":0,"parent":0,"menu_order":0,"comment_status":"closed","ping_status":"closed","template":"template_builder.php","meta":{"footnotes":""},"class_list":["post-1172","page","type-page","status-publish","hentry","classic-edited"],"yoast_head":"<!-- This site is optimized with the Yoast SEO plugin v27.2 - https:\/\/yoast.com\/product\/yoast-seo-wordpress\/ -->\n<title>Tietosuojaseloste - Ingman Consulting<\/title>\n<meta name=\"robots\" content=\"index, follow, max-snippet:-1, max-image-preview:large, max-video-preview:-1\" \/>\n<link rel=\"canonical\" href=\"https:\/\/ingmanconsulting.fi\/fi\/tietosuojaseloste\/\" \/>\n<meta property=\"og:locale\" content=\"fi_FI\" \/>\n<meta property=\"og:type\" content=\"article\" \/>\n<meta property=\"og:title\" content=\"Tietosuojaseloste - Ingman Consulting\" \/>\n<meta property=\"og:description\" content=\"Mik\u00e4 on ev\u00e4ste? Ev\u00e4ste on pieni, k\u00e4ytt\u00e4j\u00e4n tietokoneelle l\u00e4hetett\u00e4v\u00e4 ja siell\u00e4 s\u00e4ilytett\u00e4v\u00e4 tekstitiedosto, joka mahdollistaa verkkosivujen yll\u00e4pit\u00e4j\u00e4n tunnistamaan usein sivuilla vierailevat k\u00e4vij\u00e4t, helpottamaan k\u00e4vij\u00f6iden kirjautumista sivuille sek\u00e4 mahdollistamaan yhdistelm\u00e4tiedon laatimisen k\u00e4vij\u00f6ist\u00e4. T\u00e4m\u00e4n palautteen avulla pystymme jatkuvasti parantamaan sivujemme sis\u00e4lt\u00f6\u00e4. Ev\u00e4steet eiv\u00e4t vahingoita k\u00e4ytt\u00e4jien tietokoneita tai tiedostoja. K\u00e4yt\u00e4mme ev\u00e4steit\u00e4 siten, ett\u00e4 voimme tarjota asiakkaillemme kunkin yksil\u00f6ityjen [&hellip;]\" \/>\n<meta property=\"og:url\" content=\"https:\/\/ingmanconsulting.fi\/fi\/tietosuojaseloste\/\" \/>\n<meta property=\"og:site_name\" content=\"Ingman Consulting\" \/>\n<meta property=\"article:modified_time\" content=\"2018-12-11T12:10:31+00:00\" \/>\n<meta name=\"twitter:card\" content=\"summary_large_image\" \/>\n<meta name=\"twitter:label1\" content=\"Arvioitu lukuaika\" \/>\n\t<meta name=\"twitter:data1\" content=\"2 minuuttia\" \/>\n<script type=\"application\/ld+json\" class=\"yoast-schema-graph\">{\"@context\":\"https:\/\/schema.org\",\"@graph\":[{\"@type\":\"WebPage\",\"@id\":\"https:\/\/ingmanconsulting.fi\/fi\/tietosuojaseloste\/\",\"url\":\"https:\/\/ingmanconsulting.fi\/fi\/tietosuojaseloste\/\",\"name\":\"Tietosuojaseloste - Ingman Consulting\",\"isPartOf\":{\"@id\":\"https:\/\/ingmanconsulting.fi\/#website\"},\"datePublished\":\"2018-09-28T11:18:22+00:00\",\"dateModified\":\"2018-12-11T12:10:31+00:00\",\"breadcrumb\":{\"@id\":\"https:\/\/ingmanconsulting.fi\/fi\/tietosuojaseloste\/#breadcrumb\"},\"inLanguage\":\"fi\",\"potentialAction\":[{\"@type\":\"ReadAction\",\"target\":[\"https:\/\/ingmanconsulting.fi\/fi\/tietosuojaseloste\/\"]}]},{\"@type\":\"BreadcrumbList\",\"@id\":\"https:\/\/ingmanconsulting.fi\/fi\/tietosuojaseloste\/#breadcrumb\",\"itemListElement\":[{\"@type\":\"ListItem\",\"position\":1,\"name\":\"Etusivu\",\"item\":\"https:\/\/ingmanconsulting.fi\/fi\/\"},{\"@type\":\"ListItem\",\"position\":2,\"name\":\"Tietosuojaseloste\"}]},{\"@type\":\"WebSite\",\"@id\":\"https:\/\/ingmanconsulting.fi\/#website\",\"url\":\"https:\/\/ingmanconsulting.fi\/\",\"name\":\"Ingman Consulting\",\"description\":\"\",\"potentialAction\":[{\"@type\":\"SearchAction\",\"target\":{\"@type\":\"EntryPoint\",\"urlTemplate\":\"https:\/\/ingmanconsulting.fi\/?s={search_term_string}\"},\"query-input\":{\"@type\":\"PropertyValueSpecification\",\"valueRequired\":true,\"valueName\":\"search_term_string\"}}],\"inLanguage\":\"fi\"}]}<\/script>\n<!-- \/ Yoast SEO plugin. -->","yoast_head_json":{"title":"Tietosuojaseloste - Ingman Consulting","robots":{"index":"index","follow":"follow","max-snippet":"max-snippet:-1","max-image-preview":"max-image-preview:large","max-video-preview":"max-video-preview:-1"},"canonical":"https:\/\/ingmanconsulting.fi\/fi\/tietosuojaseloste\/","og_locale":"fi_FI","og_type":"article","og_title":"Tietosuojaseloste - Ingman Consulting","og_description":"Mik\u00e4 on ev\u00e4ste? Ev\u00e4ste on pieni, k\u00e4ytt\u00e4j\u00e4n tietokoneelle l\u00e4hetett\u00e4v\u00e4 ja siell\u00e4 s\u00e4ilytett\u00e4v\u00e4 tekstitiedosto, joka mahdollistaa verkkosivujen yll\u00e4pit\u00e4j\u00e4n tunnistamaan usein sivuilla vierailevat k\u00e4vij\u00e4t, helpottamaan k\u00e4vij\u00f6iden kirjautumista sivuille sek\u00e4 mahdollistamaan yhdistelm\u00e4tiedon laatimisen k\u00e4vij\u00f6ist\u00e4. T\u00e4m\u00e4n palautteen avulla pystymme jatkuvasti parantamaan sivujemme sis\u00e4lt\u00f6\u00e4. Ev\u00e4steet eiv\u00e4t vahingoita k\u00e4ytt\u00e4jien tietokoneita tai tiedostoja. K\u00e4yt\u00e4mme ev\u00e4steit\u00e4 siten, ett\u00e4 voimme tarjota asiakkaillemme kunkin yksil\u00f6ityjen [&hellip;]","og_url":"https:\/\/ingmanconsulting.fi\/fi\/tietosuojaseloste\/","og_site_name":"Ingman Consulting","article_modified_time":"2018-12-11T12:10:31+00:00","twitter_card":"summary_large_image","twitter_misc":{"Arvioitu lukuaika":"2 minuuttia"},"schema":{"@context":"https:\/\/schema.org","@graph":[{"@type":"WebPage","@id":"https:\/\/ingmanconsulting.fi\/fi\/tietosuojaseloste\/","url":"https:\/\/ingmanconsulting.fi\/fi\/tietosuojaseloste\/","name":"Tietosuojaseloste - Ingman Consulting","isPartOf":{"@id":"https:\/\/ingmanconsulting.fi\/#website"},"datePublished":"2018-09-28T11:18:22+00:00","dateModified":"2018-12-11T12:10:31+00:00","breadcrumb":{"@id":"https:\/\/ingmanconsulting.fi\/fi\/tietosuojaseloste\/#breadcrumb"},"inLanguage":"fi","potentialAction":[{"@type":"ReadAction","target":["https:\/\/ingmanconsulting.fi\/fi\/tietosuojaseloste\/"]}]},{"@type":"BreadcrumbList","@id":"https:\/\/ingmanconsulting.fi\/fi\/tietosuojaseloste\/#breadcrumb","itemListElement":[{"@type":"ListItem","position":1,"name":"Etusivu","item":"https:\/\/ingmanconsulting.fi\/fi\/"},{"@type":"ListItem","position":2,"name":"Tietosuojaseloste"}]},{"@type":"WebSite","@id":"https:\/\/ingmanconsulting.fi\/#website","url":"https:\/\/ingmanconsulting.fi\/","name":"Ingman Consulting","description":"","potentialAction":[{"@type":"SearchAction","target":{"@type":"EntryPoint","urlTemplate":"https:\/\/ingmanconsulting.fi\/?s={search_term_string}"},"query-input":{"@type":"PropertyValueSpecification","valueRequired":true,"valueName":"search_term_string"}}],"inLanguage":"fi"}]}},"_links":{"self":[{"href":"https:\/\/ingmanconsulting.fi\/fi\/wp-json\/wp\/v2\/pages\/1172","targetHints":{"allow":["GET"]}}],"collection":[{"href":"https:\/\/ingmanconsulting.fi\/fi\/wp-json\/wp\/v2\/pages"}],"about":[{"href":"https:\/\/ingmanconsulting.fi\/fi\/wp-json\/wp\/v2\/types\/page"}],"author":[{"embeddable":true,"href":"https:\/\/ingmanconsulting.fi\/fi\/wp-json\/wp\/v2\/users\/3"}],"replies":[{"embeddable":true,"href":"https:\/\/ingmanconsulting.fi\/fi\/wp-json\/wp\/v2\/comments?post=1172"}],"version-history":[{"count":4,"href":"https:\/\/ingmanconsulting.fi\/fi\/wp-json\/wp\/v2\/pages\/1172\/revisions"}],"predecessor-version":[{"id":1573,"href":"https:\/\/ingmanconsulting.fi\/fi\/wp-json\/wp\/v2\/pages\/1172\/revisions\/1573"}],"wp:attachment":[{"href":"https:\/\/ingmanconsulting.fi\/fi\/wp-json\/wp\/v2\/media?parent=1172"}],"curies":[{"name":"wp","href":"https:\/\/api.w.org\/{rel}","templated":true}]}}